{"id":6037,"date":"2018-03-23T14:30:57","date_gmt":"2018-03-23T13:30:57","guid":{"rendered":"http:\/\/douche.vnv.ch\/?page_id=6037"},"modified":"2019-08-06T10:09:51","modified_gmt":"2019-08-06T08:09:51","slug":"willkommen","status":"publish","type":"page","link":"https:\/\/douche-concept.ch\/de\/","title":{"rendered":"Willkommen"},"content":{"rendered":"<div class=\"wpb-content-wrapper\"><p>[vc_row][vc_column]\n\t\t\t<!-- START doucheslider REVOLUTION SLIDER 6.7.37 --><p class=\"rs-p-wp-fix\"><\/p>\n\t\t\t<rs-module-wrap id=\"rev_slider_1_1_wrapper\" data-source=\"gallery\" style=\"visibility:hidden;background:transparent;padding:0;margin:0px auto;margin-top:0;margin-bottom:0;\">\n\t\t\t\t<rs-module id=\"rev_slider_1_1\" class=\" rs-ov-hidden\" style=\"\" data-version=\"6.7.37\">\n\t\t\t\t\t<rs-slides style=\"overflow: hidden; position: absolute;\">\n\t\t\t\t\t\t<rs-slide style=\"position: absolute;\" data-key=\"rs-1\" data-title=\"Slide\" data-anim=\"ms:600;r:0;\" data-in=\"o:0;\" data-out=\"a:false;\">\n\t\t\t\t\t\t\t<img decoding=\"async\" src=\"\/\/douche-concept.ch\/wp-content\/plugins\/revslider\/sr6\/assets\/assets\/dummy.png\" alt=\"\" title=\"Willkommen\" class=\"rev-slidebg tp-rs-img rs-lazyload\" data-lazyload=\"\/\/www.douche-concept.ch\/wp-content\/uploads\/2018\/03\/Banner-homepage.png\" data-parallax=\"off\" data-no-retina>\n<!---->\t\t\t\t\t<\/rs-slide>\n\t\t\t\t\t<\/rs-slides>\n\t\t\t\t<\/rs-module>\n\t\t\t\t<script>\n\t\t\t\t\tsetREVStartSize({c: 'rev_slider_1_1',rl:[1240,1024,1024,1024],el:[410,400,400,400],gw:[1150,1024,1024,1024],gh:[410,400,400,400],type:'hero',justify:'',layout:'fullwidth',mh:\"0\"});if (window.RS_MODULES!==undefined && window.RS_MODULES.modules!==undefined && window.RS_MODULES.modules[\"revslider11\"]!==undefined) {window.RS_MODULES.modules[\"revslider11\"].once = false;window.revapi1 = undefined;if (window.RS_MODULES.checkMinimal!==undefined) window.RS_MODULES.checkMinimal()}\n\t\t\t\t<\/script>\n\t\t\t<\/rs-module-wrap>\n\t\t\t<!-- END REVOLUTION SLIDER -->\n[\/vc_column][\/vc_row][vc_row css=&#8220;.vc_custom_1521649598048{padding-top: 80px !important;padding-bottom: 71px !important;}&#8220;][vc_column css=&#8220;.vc_custom_1474281536962{padding-top: 0px !important;}&#8220;][vc_row_inner row_content_width=&#8220;grid&#8220;][vc_column_inner width=&#8220;2\/3&#8243; css=&#8220;.vc_custom_1521558496174{margin-right: 15px !important;}&#8220;][vc_column_text]<\/p>\n<p class=\"bodytext\" style=\"text-align: left;\">Douche Concept\u00ae hat f\u00fcr Sie die <strong>IDEALE L\u00d6SUNG<\/strong>, die Ihren Erwartungen entspricht; zu sehr vorteilhaften.\u00a0Preisen und ohne \u00fcbliche Unannehmlichkeiten.\u00a0Dank unserem <strong>INNOVATIVEN<\/strong> Vorgehen, k\u00f6nnen wir Ihre\u00a0alte Badewanne gegen eine massgeschneiderte <strong>DUSCHE in NUR 1 TAG<\/strong> auswechseln.<\/p>\n<p>Wir garantieren eine<strong> SAUBERE, SCHNELLE<\/strong> und\u00a0\u00a0hochstehende Arbeit.<\/p>\n<p>Die Montage wird durch einen unserer Sanit\u00e4rinstallateure ausgef\u00fchrt.<\/p>\n<p>Douche Concept\u00ae stellt in nur 1 TAG eine komplette hochwertige Dusche nach Mass an den Platz Ihrer alten Badewanne.<\/p>\n<div class=\"indent\" style=\"text-align: left;\">\n<ul>\n<li>Ohne Um\u00e4nderung der sanit\u00e4ren Installationen und ohne Fliesenarbeiten<\/li>\n<li>Inkl. Ausbau und Entsorgung der alten Badewanne<\/li>\n<li>Einbau der kompletten Duschkabine, zum sofortigen Gebrauch bereit<\/li>\n<li>Massgefertigte Duschwanne extra flach und rutschfest mit neuem Siphon mit grossem\u00a0Abflussfassverm\u00f6gen<\/li>\n<\/ul>\n<\/div>\n<div class=\"indent\" style=\"text-align: left;\">\n<ul>\n<li>Seitenw\u00e4nde aus Verbundmaterial<\/li>\n<li>Duschtrennw\u00e4nde aus Sicherheitsglas 6mm von SANSWISS<\/li>\n<li>Profile aus satiniertem Aluminium<\/li>\n<li>Thermostatischer Mischer und Duschenset GROHE verchromt<\/li>\n<li>Ausr\u00fcstung mit zus\u00e4tzlichen Accessoires m\u00f6glich (Klappsitz, Haltegriff, etc..)<\/li>\n<li>Seitenw\u00e4nde und Duschtrennw\u00e4nde in verschiedenen Farben erh\u00e4ltlich<\/li>\n<\/ul>\n<\/div>\n<p style=\"text-align: left;\">DOUCHE CONCEPT\u00ae DIE DUSCHE NACH MASS IN NUR 1 TAG<\/p>\n<p>[\/vc_column_text][\/vc_column_inner][vc_column_inner width=&#8220;1\/3&#8243;]<div class=\"eltdf-section-title-holder\" style=\"text-align: center\">\r\n\t\t\t<h3 class=\"eltdf-st-title\" style=\"color: #25abd1\">\r\n\t\t\t<span>Wir nehmen teil an :<\/span>\r\n\t\t<\/h3>\r\n\t\t<\/div>[vc_empty_space height=&#8220;10px&#8220;]<div class=\"eltdf-blog-list-holder  eltdf-blog-list-columns-1 eltdf-blog-list-normal-space eltdf-standard\" data-max-num-pages= 0 data-next-page= 2 data-type= standard data-number-of-posts= -1 data-number-of-columns= 1 data-image-size= portrait data-order-by= title data-order= ASC data-category= expo_de data-title-tag= h4 data-text-length= 90 data-post-info-section= no data-post-info-author= yes data-post-info-date= yes data-post-info-category= yes data-post-info-comments= no data-post-info-like= no data-post-info-share= no data-post-info-tags= no data-enable-read-more-button= no data-enable-load-more-button= no >\r\n\t\t<div class=\"eltdf-blh-inner\">\r\n\t\t<ul class=\"eltdf-blog-list\">\r\n\t\t\t\t<li class=\"eltdf-bli clearfix\">\r\n\t<div class=\"eltdf-bli-inner\">\r\n\t\t\t\t<div class=\"eltdf-item-text-holder\">\r\n\t\t\t<h4 itemprop=\"name\" class=\"eltdf-bli-title entry-title\" style=\"text-transform: inherit\">\r\n\t\t\t\t<span class=\"eltdf-bli-title-inner\"><a itemprop=\"url\" href=\"https:\/\/douche-concept.ch\/de\/die-foire-du-valais\/\" title=\"Die Foire du Valais\">Die Foire du Valais<\/a><\/span>\r\n\t\t\t<\/h4>\r\n\r\n\t\t\t\r\n\t\t\t\t\t\t\t<div class=\"eltdf-bli-excerpt-holder\"><p itemprop=\"description\" class=\"eltdf-bli-excerpt\">28. Sept. bis 7. Oktober 2018 \/ Martigny<\/p><\/div>\r\n\t\t\t\r\n\t\t\t\r\n\t\t\t\t\t<\/div>\r\n\t<\/div>\t\r\n<\/li>\t<\/ul>\r\n\t\t<\/div>\r\n\t\t<\/div>[\/vc_column_inner][\/vc_row_inner][\/vc_column][\/vc_row][vc_row css=&#8220;.vc_custom_1521559122313{padding-top: 71px !important;padding-bottom: 71px !important;background-color: #f9f9f9 !important;}&#8220;][vc_column css=&#8220;.vc_custom_1474281536962{padding-top: 0px !important;}&#8220;][rev_slider_vc alias=&#8220;douche-homepage-concept&#8220;][\/vc_column][\/vc_row][vc_row css=&#8220;.vc_custom_1521107208152{padding-top: 71px !important;padding-bottom: 71px !important;}&#8220;][vc_column css=&#8220;.vc_custom_1474281536962{padding-top: 0px !important;}&#8220;][vc_row_inner row_content_width=&#8220;grid&#8220;][vc_column_inner]<div class=\"eltdf-elements-holder eltdf-responsive-mode-768\" ><div class=\"eltdf-eh-item eltdf-horizontal-alignment-center eltdf-fade-in-down\" data-item-class=\"eltdf-eh-custom-633131\" data-1280-1600=\"0% 27% 0% 27%\" data-1024-1280=\"0% 27% 0% 27%\" data-768-1024=\"0% 19% 0% 19%\" data-600-768=\"0% 12% 0% 12%\" data-480-600=\"0% 0% 0% 0%\" data-480=\"0% 3% 0% 3%\" data-animation=\"eltdf-fade-in-down\">\r\n\t<div class=\"eltdf-eh-item-inner\" >\r\n\t\t<div class=\"eltdf-eh-item-content eltdf-eh-custom-633131\" style=\"padding: 0% 15% 0% 15%\">\r\n\t\t\t<div class=\"eltdf-section-title-holder\" style=\"text-align: center\">\r\n\t\t\t<h2 class=\"eltdf-st-title\" >\r\n\t\t\t<span>Douche Concept\u00ae , eine Arbeit von Profis!<\/span>\r\n\t\t<\/h2>\r\n\t\t<\/div>\t\t<\/div>\r\n\t<\/div>\r\n<\/div><\/div>[\/vc_column_inner][\/vc_row_inner][\/vc_column][\/vc_row][vc_row row_content_width=&#8220;grid&#8220; css=&#8220;.vc_custom_1521125242556{padding-top: 60px !important;padding-bottom: 20px !important;background-color: #f9f9f9 !important;}&#8220;][vc_column offset=&#8220;vc_col-lg-4 vc_col-md-12&#8243; css=&#8220;.vc_custom_1521125197437{padding-right: 75px !important;background-color: #f9f9f9 !important;}&#8220;]<div class=\"eltdf-animation-holder eltdf-element-from-top\" data-animation=\"eltdf-element-from-top\" data-animation-delay=\"500\"><div class=\"eltdf-animation-inner\"><div class=\"eltdf-iwt clearfix eltdf-iwt-icon-left eltdf-iwt-icon-small\">\r\n    <div class=\"eltdf-iwt-icon\">\r\n                                        <span class=\"eltdf-icon-shortcode eltdf-normal\"  data-color=\"#25abd1\">\r\n                    <i class=\"eltdf-icon-linea-icon icon-arrows-check eltdf-icon-element\" style=\"color: #25abd1;font-size:35px\" ><\/i>            <\/span>\r\n                        <\/div>\r\n    <div class=\"eltdf-iwt-content\" >\r\n\t    \t        <h4 class=\"eltdf-iwt-title\" style=\"margin-top: 6px\">\r\n\t\t\t    \t               Ohne Maurerarbeiten\t\t\t                <\/h4>\r\n\t    \t\t    <\/div>\r\n<\/div><\/div><\/div>[\/vc_column][vc_column offset=&#8220;vc_col-lg-4 vc_col-md-12&#8243; css=&#8220;.vc_custom_1521125190514{padding-right: 75px !important;background-color: #f9f9f9 !important;}&#8220;]<div class=\"eltdf-animation-holder eltdf-element-from-top\" data-animation=\"eltdf-element-from-top\" data-animation-delay=\"600\"><div class=\"eltdf-animation-inner\"><div class=\"eltdf-iwt clearfix eltdf-iwt-icon-left eltdf-iwt-icon-small\">\r\n    <div class=\"eltdf-iwt-icon\">\r\n                                        <span class=\"eltdf-icon-shortcode eltdf-normal\"  data-color=\"#25abd1\">\r\n                    <i class=\"eltdf-icon-linea-icon icon-arrows-check eltdf-icon-element\" style=\"color: #25abd1;font-size:37px\" ><\/i>            <\/span>\r\n                        <\/div>\r\n    <div class=\"eltdf-iwt-content\" >\r\n\t    \t        <h4 class=\"eltdf-iwt-title\" style=\"margin-top: 6px\">\r\n\t\t\t    \t               Ohne Sanit\u00e4rarbeiten\t\t\t                <\/h4>\r\n\t    \t\t    <\/div>\r\n<\/div><\/div><\/div>[\/vc_column][vc_column offset=&#8220;vc_col-lg-4 vc_col-md-12&#8243; css=&#8220;.vc_custom_1521125183855{padding-right: 75px !important;background-color: #f9f9f9 !important;}&#8220;]<div class=\"eltdf-animation-holder eltdf-element-from-top\" data-animation=\"eltdf-element-from-top\" data-animation-delay=\"700\"><div class=\"eltdf-animation-inner\"><div class=\"eltdf-iwt clearfix eltdf-iwt-icon-left eltdf-iwt-icon-small\">\r\n    <div class=\"eltdf-iwt-icon\">\r\n                                        <span class=\"eltdf-icon-shortcode eltdf-normal\"  data-color=\"#25abd1\">\r\n                    <i class=\"eltdf-icon-linea-icon icon-arrows-check eltdf-icon-element\" style=\"color: #25abd1;font-size:35px\" ><\/i>            <\/span>\r\n                        <\/div>\r\n    <div class=\"eltdf-iwt-content\" >\r\n\t    \t        <h4 class=\"eltdf-iwt-title\" style=\"margin-top: 6px\">\r\n\t\t\t    \t               Ohne Fliesenarbeiten\t\t\t                <\/h4>\r\n\t    \t\t    <\/div>\r\n<\/div><\/div><\/div>[\/vc_column][\/vc_row][vc_row row_content_width=&#8220;grid&#8220; el_id=&#8220;.vc_custom_1474293257779&#8243; css=&#8220;.vc_custom_1521125096857{padding-bottom: 80px !important;background-color: #f9f9f9 !important;}&#8220;][vc_column offset=&#8220;vc_col-lg-4 vc_col-md-12&#8243; css=&#8220;.vc_custom_1521125159927{padding-right: 75px !important;background-color: #f9f9f9 !important;}&#8220;]<div class=\"eltdf-animation-holder eltdf-element-from-top\" data-animation=\"eltdf-element-from-top\" data-animation-delay=\"800\"><div class=\"eltdf-animation-inner\"><div class=\"eltdf-iwt clearfix eltdf-iwt-icon-left eltdf-iwt-icon-small\">\r\n    <div class=\"eltdf-iwt-icon\">\r\n                                        <span class=\"eltdf-icon-shortcode eltdf-normal\"  data-color=\"#25abd1\">\r\n                    <i class=\"eltdf-icon-linea-icon icon-arrows-check eltdf-icon-element\" style=\"color: #25abd1;font-size:35px\" ><\/i>            <\/span>\r\n                        <\/div>\r\n    <div class=\"eltdf-iwt-content\" >\r\n\t    \t        <h4 class=\"eltdf-iwt-title\" style=\"margin-top: 6px\">\r\n\t\t\t    \t               vollst\u00e4ndig ausger\u00fcstet\t\t\t                <\/h4>\r\n\t    \t\t    <\/div>\r\n<\/div><\/div><\/div>[\/vc_column][vc_column offset=&#8220;vc_col-lg-4 vc_col-md-12&#8243; css=&#8220;.vc_custom_1521125151635{padding-right: 75px !important;background-color: #f9f9f9 !important;}&#8220;]<div class=\"eltdf-animation-holder eltdf-element-from-top\" data-animation=\"eltdf-element-from-top\" data-animation-delay=\"600\"><div class=\"eltdf-animation-inner\"><div class=\"eltdf-iwt clearfix eltdf-iwt-icon-left eltdf-iwt-icon-small\">\r\n    <div class=\"eltdf-iwt-icon\">\r\n                                        <span class=\"eltdf-icon-shortcode eltdf-normal\"  data-color=\"#25abd1\">\r\n                    <i class=\"eltdf-icon-linea-icon icon-arrows-check eltdf-icon-element\" style=\"color: #25abd1;font-size:35px\" ><\/i>            <\/span>\r\n                        <\/div>\r\n    <div class=\"eltdf-iwt-content\" >\r\n\t    \t        <h4 class=\"eltdf-iwt-title\" style=\"margin-top: 6px\">\r\n\t\t\t    \t               Duschkabine komplett\t\t\t                <\/h4>\r\n\t    \t\t    <\/div>\r\n<\/div><\/div><\/div>[\/vc_column][vc_column offset=&#8220;vc_col-lg-4 vc_col-md-12&#8243; css=&#8220;.vc_custom_1521125143419{padding-right: 75px !important;background-color: #f9f9f9 !important;}&#8220;]<div class=\"eltdf-animation-holder eltdf-element-from-top\" data-animation=\"eltdf-element-from-top\" data-animation-delay=\"900\"><div class=\"eltdf-animation-inner\"><div class=\"eltdf-iwt clearfix eltdf-iwt-icon-left eltdf-iwt-icon-small\">\r\n    <div class=\"eltdf-iwt-icon\">\r\n                                        <span class=\"eltdf-icon-shortcode eltdf-normal\"  data-color=\"#25abd1\">\r\n                    <i class=\"eltdf-icon-linea-icon icon-arrows-check eltdf-icon-element\" style=\"color: #25abd1;font-size:35px\" ><\/i>            <\/span>\r\n                        <\/div>\r\n    <div class=\"eltdf-iwt-content\" >\r\n\t    \t        <h4 class=\"eltdf-iwt-title\" style=\"margin-top: 6px\">\r\n\t\t\t    \t               Gebrauchsfertig\t\t\t                <\/h4>\r\n\t    \t\t    <\/div>\r\n<\/div><\/div><\/div>[\/vc_column][\/vc_row][vc_row css=&#8220;.vc_custom_1521107360698{padding-top: 85px !important;padding-bottom: 85px !important;background-color: #ffffff !important;}&#8220;][vc_column css=&#8220;.vc_custom_1474289994877{padding-top: 0px !important;}&#8220;][vc_row_inner row_content_width=&#8220;grid&#8220;][vc_column_inner]<div class=\"eltdf-clients-carousel-holder  eltdf-cc-hover-roll-over\" data-number-of-items=\"1\" data-autoplay=\"yes\" data-autoplay-timeout=\"5000\" data-loop=\"no\" data-speed=\"100000000\">\r\n\t<div class=\"eltdf-cc-inner\">\r\n\t\t<div class=\"eltdf-cc-item\">\r\n\t\t\t<a itemprop=\"url\" class=\"eltdf-cc-link\" href=\"http:\/\/swisspool-balneo.ch\/\" target=\"_blank\">\r\n\t\t\t\t\t\t<img decoding=\"async\" itemprop=\"image\" class=\"eltdf-cc-image\" src=\"https:\/\/douche-concept.ch\/wp-content\/uploads\/2018\/03\/Swisspool-Logo-NB.png\" alt=\"\" \/>\r\n\t\t\t\t\t\t\t<img decoding=\"async\" itemprop=\"image\" class=\"eltdf-cc-hover-image\" src=\"https:\/\/douche-concept.ch\/wp-content\/uploads\/2018\/03\/Swisspool-Logo-Final.png\" alt=\"\" \/>\r\n\t\t\t\t\t<\/a>\r\n\t<\/div>\t<\/div>\r\n<\/div>[\/vc_column_inner][\/vc_row_inner][\/vc_column][\/vc_row]<\/p>\n<\/div>","protected":false},"excerpt":{"rendered":"<p>[vc_row][vc_column][\/vc_column][\/vc_row][vc_row css=&#8220;.vc_custom_1521649598048{padding-top: 80px !important;padding-bottom: 71px !important;}&#8220;][vc_column css=&#8220;.vc_custom_1474281536962{padding-top: 0px !important;}&#8220;][vc_row_inner row_content_width=&#8220;grid&#8220;][vc_column_inner width=&#8220;2\/3&#8243; css=&#8220;.vc_custom_1521558496174{margin-right: 15px !important;}&#8220;][vc_column_text] Douche Concept\u00ae hat f\u00fcr Sie die IDEALE L\u00d6SUNG, die Ihren Erwartungen entspricht; zu sehr vorteilhaften.\u00a0Preisen und ohne \u00fcbliche Unannehmlichkeiten.\u00a0Dank unserem INNOVATIVEN Vorgehen, k\u00f6nnen wir Ihre\u00a0alte Badewanne gegen eine massgeschneiderte DUSCHE in [&hellip;]<\/p>\n","protected":false},"author":4,"featured_media":0,"parent":0,"menu_order":10,"comment_status":"closed","ping_status":"closed","template":"full-width.php","meta":{"footnotes":""},"class_list":["post-6037","page","type-page","status-publish","hentry"],"yoast_head":"<!-- This site is optimized with the Yoast SEO plugin v27.3 - https:\/\/yoast.com\/product\/yoast-seo-wordpress\/ -->\n<title>Willkommen &#8211; Douche Concept<\/title>\n<meta name=\"description\" content=\"Douche Concept stellt in nur 1 TAG eine komplette hochwertige Dusche nach Mass an den Platz Ihrer alten Badewanne. DOUCHE CONCEPT DIE DUSCHE NACH MASS IN NUR 1 TAG\" \/>\n<meta name=\"robots\" content=\"index, follow, max-snippet:-1, max-image-preview:large, max-video-preview:-1\" \/>\n<link rel=\"canonical\" href=\"https:\/\/douche-concept.ch\/de\/\" \/>\n<meta property=\"og:locale\" content=\"de_DE\" \/>\n<meta property=\"og:type\" content=\"article\" \/>\n<meta property=\"og:title\" content=\"Willkommen &#8211; Douche Concept\" \/>\n<meta property=\"og:description\" content=\"Douche Concept stellt in nur 1 TAG eine komplette hochwertige Dusche nach Mass an den Platz Ihrer alten Badewanne. DOUCHE CONCEPT DIE DUSCHE NACH MASS IN NUR 1 TAG\" \/>\n<meta property=\"og:url\" content=\"https:\/\/douche-concept.ch\/de\/\" \/>\n<meta property=\"og:site_name\" content=\"Douche Concept\" \/>\n<meta property=\"article:modified_time\" content=\"2019-08-06T08:09:51+00:00\" \/>\n<meta name=\"twitter:card\" content=\"summary_large_image\" \/>\n<meta name=\"twitter:label1\" content=\"Gesch\u00e4tzte Lesezeit\" \/>\n\t<meta name=\"twitter:data1\" content=\"4\u00a0Minuten\" \/>\n<script type=\"application\/ld+json\" class=\"yoast-schema-graph\">{\"@context\":\"https:\\\/\\\/schema.org\",\"@graph\":[{\"@type\":\"WebPage\",\"@id\":\"https:\\\/\\\/douche-concept.ch\\\/de\\\/\",\"url\":\"https:\\\/\\\/douche-concept.ch\\\/de\\\/\",\"name\":\"Willkommen &#8211; Douche Concept\",\"isPartOf\":{\"@id\":\"https:\\\/\\\/douche-concept.ch\\\/#website\"},\"datePublished\":\"2018-03-23T13:30:57+00:00\",\"dateModified\":\"2019-08-06T08:09:51+00:00\",\"description\":\"Douche Concept stellt in nur 1 TAG eine komplette hochwertige Dusche nach Mass an den Platz Ihrer alten Badewanne. DOUCHE CONCEPT DIE DUSCHE NACH MASS IN NUR 1 TAG\",\"breadcrumb\":{\"@id\":\"https:\\\/\\\/douche-concept.ch\\\/de\\\/#breadcrumb\"},\"inLanguage\":\"de\",\"potentialAction\":[{\"@type\":\"ReadAction\",\"target\":[\"https:\\\/\\\/douche-concept.ch\\\/de\\\/\"]}]},{\"@type\":\"BreadcrumbList\",\"@id\":\"https:\\\/\\\/douche-concept.ch\\\/de\\\/#breadcrumb\",\"itemListElement\":[{\"@type\":\"ListItem\",\"position\":1,\"name\":\"Accueil\",\"item\":\"https:\\\/\\\/douche-concept.ch\\\/de\\\/\"},{\"@type\":\"ListItem\",\"position\":2,\"name\":\"Willkommen\"}]},{\"@type\":\"WebSite\",\"@id\":\"https:\\\/\\\/douche-concept.ch\\\/#website\",\"url\":\"https:\\\/\\\/douche-concept.ch\\\/\",\"name\":\"Douche Concept\",\"description\":\"Stop aux chutes !\",\"publisher\":{\"@id\":\"https:\\\/\\\/douche-concept.ch\\\/#organization\"},\"alternateName\":\"Salle de bain adapt\u00e9e pour s\u00e9niors\",\"potentialAction\":[{\"@type\":\"SearchAction\",\"target\":{\"@type\":\"EntryPoint\",\"urlTemplate\":\"https:\\\/\\\/douche-concept.ch\\\/?s={search_term_string}\"},\"query-input\":{\"@type\":\"PropertyValueSpecification\",\"valueRequired\":true,\"valueName\":\"search_term_string\"}}],\"inLanguage\":\"de\"},{\"@type\":\"Organization\",\"@id\":\"https:\\\/\\\/douche-concept.ch\\\/#organization\",\"name\":\"Douche Concept\",\"alternateName\":\"Salle de bain adapt\u00e9e pour s\u00e9niors\",\"url\":\"https:\\\/\\\/douche-concept.ch\\\/\",\"logo\":{\"@type\":\"ImageObject\",\"inLanguage\":\"de\",\"@id\":\"https:\\\/\\\/douche-concept.ch\\\/#\\\/schema\\\/logo\\\/image\\\/\",\"url\":\"https:\\\/\\\/douche-concept.ch\\\/wp-content\\\/uploads\\\/2018\\\/03\\\/DC_logo.svg\",\"contentUrl\":\"https:\\\/\\\/douche-concept.ch\\\/wp-content\\\/uploads\\\/2018\\\/03\\\/DC_logo.svg\",\"width\":1,\"height\":1,\"caption\":\"Douche Concept\"},\"image\":{\"@id\":\"https:\\\/\\\/douche-concept.ch\\\/#\\\/schema\\\/logo\\\/image\\\/\"}}]}<\/script>\n<!-- \/ Yoast SEO plugin. -->","yoast_head_json":{"title":"Willkommen &#8211; Douche Concept","description":"Douche Concept stellt in nur 1 TAG eine komplette hochwertige Dusche nach Mass an den Platz Ihrer alten Badewanne. DOUCHE CONCEPT DIE DUSCHE NACH MASS IN NUR 1 TAG","robots":{"index":"index","follow":"follow","max-snippet":"max-snippet:-1","max-image-preview":"max-image-preview:large","max-video-preview":"max-video-preview:-1"},"canonical":"https:\/\/douche-concept.ch\/de\/","og_locale":"de_DE","og_type":"article","og_title":"Willkommen &#8211; Douche Concept","og_description":"Douche Concept stellt in nur 1 TAG eine komplette hochwertige Dusche nach Mass an den Platz Ihrer alten Badewanne. DOUCHE CONCEPT DIE DUSCHE NACH MASS IN NUR 1 TAG","og_url":"https:\/\/douche-concept.ch\/de\/","og_site_name":"Douche Concept","article_modified_time":"2019-08-06T08:09:51+00:00","twitter_card":"summary_large_image","twitter_misc":{"Gesch\u00e4tzte Lesezeit":"4\u00a0Minuten"},"schema":{"@context":"https:\/\/schema.org","@graph":[{"@type":"WebPage","@id":"https:\/\/douche-concept.ch\/de\/","url":"https:\/\/douche-concept.ch\/de\/","name":"Willkommen &#8211; Douche Concept","isPartOf":{"@id":"https:\/\/douche-concept.ch\/#website"},"datePublished":"2018-03-23T13:30:57+00:00","dateModified":"2019-08-06T08:09:51+00:00","description":"Douche Concept stellt in nur 1 TAG eine komplette hochwertige Dusche nach Mass an den Platz Ihrer alten Badewanne. DOUCHE CONCEPT DIE DUSCHE NACH MASS IN NUR 1 TAG","breadcrumb":{"@id":"https:\/\/douche-concept.ch\/de\/#breadcrumb"},"inLanguage":"de","potentialAction":[{"@type":"ReadAction","target":["https:\/\/douche-concept.ch\/de\/"]}]},{"@type":"BreadcrumbList","@id":"https:\/\/douche-concept.ch\/de\/#breadcrumb","itemListElement":[{"@type":"ListItem","position":1,"name":"Accueil","item":"https:\/\/douche-concept.ch\/de\/"},{"@type":"ListItem","position":2,"name":"Willkommen"}]},{"@type":"WebSite","@id":"https:\/\/douche-concept.ch\/#website","url":"https:\/\/douche-concept.ch\/","name":"Douche Concept","description":"Stop aux chutes !","publisher":{"@id":"https:\/\/douche-concept.ch\/#organization"},"alternateName":"Salle de bain adapt\u00e9e pour s\u00e9niors","potentialAction":[{"@type":"SearchAction","target":{"@type":"EntryPoint","urlTemplate":"https:\/\/douche-concept.ch\/?s={search_term_string}"},"query-input":{"@type":"PropertyValueSpecification","valueRequired":true,"valueName":"search_term_string"}}],"inLanguage":"de"},{"@type":"Organization","@id":"https:\/\/douche-concept.ch\/#organization","name":"Douche Concept","alternateName":"Salle de bain adapt\u00e9e pour s\u00e9niors","url":"https:\/\/douche-concept.ch\/","logo":{"@type":"ImageObject","inLanguage":"de","@id":"https:\/\/douche-concept.ch\/#\/schema\/logo\/image\/","url":"https:\/\/douche-concept.ch\/wp-content\/uploads\/2018\/03\/DC_logo.svg","contentUrl":"https:\/\/douche-concept.ch\/wp-content\/uploads\/2018\/03\/DC_logo.svg","width":1,"height":1,"caption":"Douche Concept"},"image":{"@id":"https:\/\/douche-concept.ch\/#\/schema\/logo\/image\/"}}]}},"publishpress_future_action":{"enabled":false,"date":"2026-04-18 02:18:39","action":"change-status","newStatus":"draft","terms":[],"taxonomy":"translation_priority","extraData":[]},"publishpress_future_workflow_manual_trigger":{"enabledWorkflows":[]},"_links":{"self":[{"href":"https:\/\/douche-concept.ch\/de\/wp-json\/wp\/v2\/pages\/6037","targetHints":{"allow":["GET"]}}],"collection":[{"href":"https:\/\/douche-concept.ch\/de\/wp-json\/wp\/v2\/pages"}],"about":[{"href":"https:\/\/douche-concept.ch\/de\/wp-json\/wp\/v2\/types\/page"}],"author":[{"embeddable":true,"href":"https:\/\/douche-concept.ch\/de\/wp-json\/wp\/v2\/users\/4"}],"replies":[{"embeddable":true,"href":"https:\/\/douche-concept.ch\/de\/wp-json\/wp\/v2\/comments?post=6037"}],"version-history":[{"count":0,"href":"https:\/\/douche-concept.ch\/de\/wp-json\/wp\/v2\/pages\/6037\/revisions"}],"wp:attachment":[{"href":"https:\/\/douche-concept.ch\/de\/wp-json\/wp\/v2\/media?parent=6037"}],"curies":[{"name":"wp","href":"https:\/\/api.w.org\/{rel}","templated":true}]}}